{"id":9619,"date":"2023-03-11T10:09:11","date_gmt":"2023-03-11T10:09:11","guid":{"rendered":"https:\/\/t-neph.cms2hset.org\/JPG\/?page_id=9619"},"modified":"2025-04-08T16:45:35","modified_gmt":"2025-04-08T16:45:35","slug":"organizers","status":"publish","type":"page","link":"https:\/\/t-neph.cms2hset.org\/JPG\/organizers\/","title":{"rendered":"Organizers"},"content":{"rendered":"[et_pb_section fb_built=\u00a0\u00bb1&Prime; custom_padding_last_edited=\u00a0\u00bboff|desktop\u00a0\u00bb admin_label=\u00a0\u00bbhero section\u00a0\u00bb _builder_version=\u00a0\u00bb4.20.0&Prime; use_background_color_gradient=\u00a0\u00bbon\u00a0\u00bb background_color_gradient_stops=\u00a0\u00bb#ffffff 0%|#e7edf9 100%\u00a0\u00bb background_color_gradient_start=\u00a0\u00bb#ffffff\u00a0\u00bb background_color_gradient_end=\u00a0\u00bb#e7edf9&Prime; background_image=\u00a0\u00bbhttps:\/\/t-neph.cms2hset.org\/wp-content\/uploads\/2023\/08\/Capture-decran-2023-08-03-a-10.37.37.png\u00a0\u00bb min_height=\u00a0\u00bb250px\u00a0\u00bb min_height_tablet=\u00a0\u00bb309px\u00a0\u00bb min_height_phone=\u00a0\u00bb120px\u00a0\u00bb min_height_last_edited=\u00a0\u00bbon|desktop\u00a0\u00bb height=\u00a0\u00bb250px\u00a0\u00bb max_height=\u00a0\u00bb250px\u00a0\u00bb custom_margin=\u00a0\u00bb|||\u00a0\u00bb custom_padding=\u00a0\u00bb100px||100px|\u00a0\u00bb custom_padding_tablet=\u00a0\u00bb130px||130px|\u00a0\u00bb global_colors_info=\u00a0\u00bb{}\u00a0\u00bb][et_pb_row _builder_version=\u00a0\u00bb4.20.0&Prime; _module_preset=\u00a0\u00bbdefault\u00a0\u00bb global_colors_info=\u00a0\u00bb{}\u00a0\u00bb][et_pb_column type=\u00a0\u00bb4_4&Prime; _builder_version=\u00a0\u00bb4.20.0&Prime; _module_preset=\u00a0\u00bbdefault\u00a0\u00bb global_colors_info=\u00a0\u00bb{}\u00a0\u00bb][et_pb_text _builder_version=\u00a0\u00bb4.20.0&Prime; _module_preset=\u00a0\u00bbdefault\u00a0\u00bb header_text_color=\u00a0\u00bb#FFFFFF\u00a0\u00bb header_font_size=\u00a0\u00bb46px\u00a0\u00bb header_2_text_color=\u00a0\u00bb#FFFFFF\u00a0\u00bb global_colors_info=\u00a0\u00bb{}\u00a0\u00bb]\n<h1><strong>Organizing committee<\/strong><\/h1>\n[\/et_pb_text][\/et_pb_column][\/et_pb_row][\/et_pb_section][et_pb_section fb_built=\u00a0\u00bb1&Prime; admin_label=\u00a0\u00bbschedules section\u00a0\u00bb _builder_version=\u00a0\u00bb4.16&Prime; custom_padding=\u00a0\u00bb100px||100px|\u00a0\u00bb animation_style=\u00a0\u00bbzoom\u00a0\u00bb animation_intensity_zoom=\u00a0\u00bb10%\u00a0\u00bb global_colors_info=\u00a0\u00bb{}\u00a0\u00bb][et_pb_row _builder_version=\u00a0\u00bb4.20.0&Prime; _module_preset=\u00a0\u00bbdefault\u00a0\u00bb global_colors_info=\u00a0\u00bb{}\u00a0\u00bb][et_pb_column type=\u00a0\u00bb4_4&Prime; _builder_version=\u00a0\u00bb4.20.0&Prime; _module_preset=\u00a0\u00bbdefault\u00a0\u00bb global_colors_info=\u00a0\u00bb{}\u00a0\u00bb][et_pb_divider _builder_version=\u00a0\u00bb4.20.0&Prime; _module_preset=\u00a0\u00bbdefault\u00a0\u00bb global_colors_info=\u00a0\u00bb{}\u00a0\u00bb][\/et_pb_divider][et_pb_code _builder_version=\u00a0\u00bb4.20.0&Prime; _module_preset=\u00a0\u00bbdefault\u00a0\u00bb global_colors_info=\u00a0\u00bb{}\u00a0\u00bb][\/et_pb_code][et_pb_text _builder_version=\u00a0\u00bb4.20.0&Prime; _module_preset=\u00a0\u00bbdefault\u00a0\u00bb global_colors_info=\u00a0\u00bb{}\u00a0\u00bb]\n<h1>Organizing Committee<\/h1>\n<table style=\"width: 975px; border-collapse: collapse;\" border=\"1\">\n<tbody>\n<tr>\n<td style=\"width: 400.014px;\">Mario Bianchetti<\/td>\n<td style=\"width: 221.179px;\">Lugano<\/td>\n<td style=\"width: 344.205px;\">mario.bianchetti@usi.ch<\/td>\n<\/tr>\n<tr>\n<td style=\"width: 400.014px;\">Olivier Bonny<\/td>\n<td style=\"width: 221.179px;\">Fribourg<\/td>\n<td style=\"width: 344.205px;\">olivier.bonny@unil.ch<\/td>\n<\/tr>\n<tr>\n<td style=\"width: 400.014px;\">Philippe Jaeger<\/td>\n<td style=\"width: 221.179px;\">UCL, London<\/td>\n<td style=\"width: 344.205px;\">p.jaeger@ucl.ac.uk<\/td>\n<\/tr>\n<tr>\n<td style=\"width: 400.014px;\">Jean-Marie Matthieu<\/td>\n<td style=\"width: 221.179px;\">Lausanne<\/td>\n<td style=\"width: 344.205px;\">matthieujm1@hotmail.fr<\/td>\n<\/tr>\n<tr>\n<td style=\"width: 400.014px;\">Bernard Pelet<\/td>\n<td style=\"width: 221.179px;\">Lausanne<\/td>\n<td style=\"width: 344.205px;\">bernard.pelet@me.com<\/td>\n<\/tr>\n<tr>\n<td style=\"width: 400.014px;\">Bernard Rossier<\/td>\n<td style=\"width: 221.179px;\">Lausanne<\/td>\n<td style=\"width: 344.205px;\">bernard.rossier@unil.ch<\/td>\n<\/tr>\n<tr>\n<td style=\"width: 400.014px;\">Laurent Schild<\/td>\n<td style=\"width: 221.179px;\">Lausanne<\/td>\n<td style=\"width: 344.205px;\">laurent.schild@unil.ch<\/td>\n<\/tr>\n<tr>\n<td style=\"width: 400.014px;\">Sophie de Seigneux<\/td>\n<td style=\"width: 221.179px;\">Gen\u00e8ve<\/td>\n<td style=\"width: 344.205px;\">sophie.deSeigneux@hcuge.ch<\/td>\n<\/tr>\n<tr>\n<td style=\"width: 400.014px;\">Jean-Daniel Tissot<\/td>\n<td style=\"width: 221.179px;\">Lausanne<\/td>\n<td style=\"width: 344.205px;\">jean-daniel.tissot@unil.ch<\/td>\n<\/tr>\n<tr>\n<td style=\"width: 400.014px;\">Jean-Fran\u00e7ois Tolsa<\/td>\n<td style=\"width: 221.179px;\">Lausanne<\/td>\n<td style=\"width: 344.205px;\">Jean-Fran\u00e7ois Tolsa@unil.chuv.ch<\/td>\n<\/tr>\n<tr>\n<td style=\"width: 400.014px;\">Fran\u00e7ois Verrey<\/td>\n<td style=\"width: 221.179px;\">Z\u00fcrich<\/td>\n<td style=\"width: 344.205px;\">francois.verrey@uzh.ch<\/td>\n<\/tr>\n<tr>\n<td style=\"width: 400.014px;\">Bruno Vogt<\/td>\n<td style=\"width: 221.179px;\">Bern<\/td>\n<td style=\"width: 344.205px;\">bruno.vogt@insel.ch<\/td>\n<\/tr>\n<\/tbody>\n<\/table>\n[\/et_pb_text][et_pb_divider _builder_version=\u00a0\u00bb4.20.0&Prime; _module_preset=\u00a0\u00bbdefault\u00a0\u00bb global_colors_info=\u00a0\u00bb{}\u00a0\u00bb][\/et_pb_divider][\/et_pb_column][\/et_pb_row][\/et_pb_section]\n","protected":false},"excerpt":{"rendered":"<p>Organizing committeeOrganizing Committee Mario Bianchetti Lugano mario.bianchetti@usi.ch Olivier Bonny Fribourg olivier.bonny@unil.ch Philippe Jaeger UCL, London p.jaeger@ucl.ac.uk Jean-Marie Matthieu Lausanne matthieujm1@hotmail.fr Bernard Pelet Lausanne bernard.pelet@me.com Bernard Rossier Lausanne bernard.rossier@unil.ch Laurent Schild Lausanne laurent.schild@unil.ch Sophie de Seigneux Gen\u00e8ve sophie.deSeigneux@hcuge.ch Jean-Daniel Tissot Lausanne jean-daniel.tissot@unil.ch Jean-Fran\u00e7ois Tolsa Lausanne Jean-Fran\u00e7ois Tolsa@unil.chuv.ch Fran\u00e7ois Verrey Z\u00fcrich francois.verrey@uzh.ch Bruno Vogt Bern bruno.vogt@insel.ch<\/p>\n","protected":false},"author":1,"featured_media":0,"parent":0,"menu_order":0,"comment_status":"closed","ping_status":"closed","template":"","meta":{"_et_pb_use_builder":"on","_et_pb_old_content":"","_et_gb_content_width":""},"yoast_head":"<!-- This site is optimized with the Yoast SEO plugin v21.7 - https:\/\/yoast.com\/wordpress\/plugins\/seo\/ -->\n<title>Organizers - T-Neph\/JPG<\/title>\n<meta name=\"robots\" content=\"index, follow, max-snippet:-1, max-image-preview:large, max-video-preview:-1\" \/>\n<link rel=\"canonical\" href=\"https:\/\/t-neph.cms2hset.org\/JPG\/organizers\/\" \/>\n<meta property=\"og:locale\" content=\"fr_FR\" \/>\n<meta property=\"og:type\" content=\"article\" \/>\n<meta property=\"og:title\" content=\"Organizers - T-Neph\/JPG\" \/>\n<meta property=\"og:description\" content=\"Organizing committeeOrganizing Committee Mario Bianchetti Lugano mario.bianchetti@usi.ch Olivier Bonny Fribourg olivier.bonny@unil.ch Philippe Jaeger UCL, London p.jaeger@ucl.ac.uk Jean-Marie Matthieu Lausanne matthieujm1@hotmail.fr Bernard Pelet Lausanne bernard.pelet@me.com Bernard Rossier Lausanne bernard.rossier@unil.ch Laurent Schild Lausanne laurent.schild@unil.ch Sophie de Seigneux Gen\u00e8ve sophie.deSeigneux@hcuge.ch Jean-Daniel Tissot Lausanne jean-daniel.tissot@unil.ch Jean-Fran\u00e7ois Tolsa Lausanne Jean-Fran\u00e7ois Tolsa@unil.chuv.ch Fran\u00e7ois Verrey Z\u00fcrich francois.verrey@uzh.ch Bruno Vogt Bern bruno.vogt@insel.ch\" \/>\n<meta property=\"og:url\" content=\"https:\/\/t-neph.cms2hset.org\/JPG\/organizers\/\" \/>\n<meta property=\"og:site_name\" content=\"T-Neph\/JPG\" \/>\n<meta property=\"article:modified_time\" content=\"2025-04-08T16:45:35+00:00\" \/>\n<meta name=\"twitter:card\" content=\"summary_large_image\" \/>\n<meta name=\"twitter:label1\" content=\"Dur\u00e9e de lecture estim\u00e9e\" \/>\n\t<meta name=\"twitter:data1\" content=\"1 minute\" \/>\n<script type=\"application\/ld+json\" class=\"yoast-schema-graph\">{\"@context\":\"https:\/\/schema.org\",\"@graph\":[{\"@type\":\"WebPage\",\"@id\":\"https:\/\/t-neph.cms2hset.org\/JPG\/organizers\/\",\"url\":\"https:\/\/t-neph.cms2hset.org\/JPG\/organizers\/\",\"name\":\"Organizers - T-Neph\/JPG\",\"isPartOf\":{\"@id\":\"https:\/\/t-neph.cms2hset.org\/JPG\/#website\"},\"datePublished\":\"2023-03-11T10:09:11+00:00\",\"dateModified\":\"2025-04-08T16:45:35+00:00\",\"breadcrumb\":{\"@id\":\"https:\/\/t-neph.cms2hset.org\/JPG\/organizers\/#breadcrumb\"},\"inLanguage\":\"fr-FR\",\"potentialAction\":[{\"@type\":\"ReadAction\",\"target\":[\"https:\/\/t-neph.cms2hset.org\/JPG\/organizers\/\"]}]},{\"@type\":\"BreadcrumbList\",\"@id\":\"https:\/\/t-neph.cms2hset.org\/JPG\/organizers\/#breadcrumb\",\"itemListElement\":[{\"@type\":\"ListItem\",\"position\":1,\"name\":\"Home\",\"item\":\"https:\/\/t-neph.cms2hset.org\/JPG\/\"},{\"@type\":\"ListItem\",\"position\":2,\"name\":\"Organizers\"}]},{\"@type\":\"WebSite\",\"@id\":\"https:\/\/t-neph.cms2hset.org\/JPG\/#website\",\"url\":\"https:\/\/t-neph.cms2hset.org\/JPG\/\",\"name\":\"T-Neph\/JPG\",\"description\":\"Workshop JPG\",\"publisher\":{\"@id\":\"https:\/\/t-neph.cms2hset.org\/JPG\/#organization\"},\"potentialAction\":[{\"@type\":\"SearchAction\",\"target\":{\"@type\":\"EntryPoint\",\"urlTemplate\":\"https:\/\/t-neph.cms2hset.org\/JPG\/?s={search_term_string}\"},\"query-input\":\"required name=search_term_string\"}],\"inLanguage\":\"fr-FR\"},{\"@type\":\"Organization\",\"@id\":\"https:\/\/t-neph.cms2hset.org\/JPG\/#organization\",\"name\":\"HSet\",\"url\":\"https:\/\/t-neph.cms2hset.org\/JPG\/\",\"logo\":{\"@type\":\"ImageObject\",\"inLanguage\":\"fr-FR\",\"@id\":\"https:\/\/t-neph.cms2hset.org\/JPG\/#\/schema\/logo\/image\/\",\"url\":\"\",\"contentUrl\":\"\",\"caption\":\"HSet\"},\"image\":{\"@id\":\"https:\/\/t-neph.cms2hset.org\/JPG\/#\/schema\/logo\/image\/\"}}]}<\/script>\n<!-- \/ Yoast SEO plugin. -->","yoast_head_json":{"title":"Organizers - T-Neph\/JPG","robots":{"index":"index","follow":"follow","max-snippet":"max-snippet:-1","max-image-preview":"max-image-preview:large","max-video-preview":"max-video-preview:-1"},"canonical":"https:\/\/t-neph.cms2hset.org\/JPG\/organizers\/","og_locale":"fr_FR","og_type":"article","og_title":"Organizers - T-Neph\/JPG","og_description":"Organizing committeeOrganizing Committee Mario Bianchetti Lugano mario.bianchetti@usi.ch Olivier Bonny Fribourg olivier.bonny@unil.ch Philippe Jaeger UCL, London p.jaeger@ucl.ac.uk Jean-Marie Matthieu Lausanne matthieujm1@hotmail.fr Bernard Pelet Lausanne bernard.pelet@me.com Bernard Rossier Lausanne bernard.rossier@unil.ch Laurent Schild Lausanne laurent.schild@unil.ch Sophie de Seigneux Gen\u00e8ve sophie.deSeigneux@hcuge.ch Jean-Daniel Tissot Lausanne jean-daniel.tissot@unil.ch Jean-Fran\u00e7ois Tolsa Lausanne Jean-Fran\u00e7ois Tolsa@unil.chuv.ch Fran\u00e7ois Verrey Z\u00fcrich francois.verrey@uzh.ch Bruno Vogt Bern bruno.vogt@insel.ch","og_url":"https:\/\/t-neph.cms2hset.org\/JPG\/organizers\/","og_site_name":"T-Neph\/JPG","article_modified_time":"2025-04-08T16:45:35+00:00","twitter_card":"summary_large_image","twitter_misc":{"Dur\u00e9e de lecture estim\u00e9e":"1 minute"},"schema":{"@context":"https:\/\/schema.org","@graph":[{"@type":"WebPage","@id":"https:\/\/t-neph.cms2hset.org\/JPG\/organizers\/","url":"https:\/\/t-neph.cms2hset.org\/JPG\/organizers\/","name":"Organizers - T-Neph\/JPG","isPartOf":{"@id":"https:\/\/t-neph.cms2hset.org\/JPG\/#website"},"datePublished":"2023-03-11T10:09:11+00:00","dateModified":"2025-04-08T16:45:35+00:00","breadcrumb":{"@id":"https:\/\/t-neph.cms2hset.org\/JPG\/organizers\/#breadcrumb"},"inLanguage":"fr-FR","potentialAction":[{"@type":"ReadAction","target":["https:\/\/t-neph.cms2hset.org\/JPG\/organizers\/"]}]},{"@type":"BreadcrumbList","@id":"https:\/\/t-neph.cms2hset.org\/JPG\/organizers\/#breadcrumb","itemListElement":[{"@type":"ListItem","position":1,"name":"Home","item":"https:\/\/t-neph.cms2hset.org\/JPG\/"},{"@type":"ListItem","position":2,"name":"Organizers"}]},{"@type":"WebSite","@id":"https:\/\/t-neph.cms2hset.org\/JPG\/#website","url":"https:\/\/t-neph.cms2hset.org\/JPG\/","name":"T-Neph\/JPG","description":"Workshop JPG","publisher":{"@id":"https:\/\/t-neph.cms2hset.org\/JPG\/#organization"},"potentialAction":[{"@type":"SearchAction","target":{"@type":"EntryPoint","urlTemplate":"https:\/\/t-neph.cms2hset.org\/JPG\/?s={search_term_string}"},"query-input":"required name=search_term_string"}],"inLanguage":"fr-FR"},{"@type":"Organization","@id":"https:\/\/t-neph.cms2hset.org\/JPG\/#organization","name":"HSet","url":"https:\/\/t-neph.cms2hset.org\/JPG\/","logo":{"@type":"ImageObject","inLanguage":"fr-FR","@id":"https:\/\/t-neph.cms2hset.org\/JPG\/#\/schema\/logo\/image\/","url":"","contentUrl":"","caption":"HSet"},"image":{"@id":"https:\/\/t-neph.cms2hset.org\/JPG\/#\/schema\/logo\/image\/"}}]}},"_links":{"self":[{"href":"https:\/\/t-neph.cms2hset.org\/JPG\/wp-json\/wp\/v2\/pages\/9619"}],"collection":[{"href":"https:\/\/t-neph.cms2hset.org\/JPG\/wp-json\/wp\/v2\/pages"}],"about":[{"href":"https:\/\/t-neph.cms2hset.org\/JPG\/wp-json\/wp\/v2\/types\/page"}],"author":[{"embeddable":true,"href":"https:\/\/t-neph.cms2hset.org\/JPG\/wp-json\/wp\/v2\/users\/1"}],"replies":[{"embeddable":true,"href":"https:\/\/t-neph.cms2hset.org\/JPG\/wp-json\/wp\/v2\/comments?post=9619"}],"version-history":[{"count":30,"href":"https:\/\/t-neph.cms2hset.org\/JPG\/wp-json\/wp\/v2\/pages\/9619\/revisions"}],"predecessor-version":[{"id":11619,"href":"https:\/\/t-neph.cms2hset.org\/JPG\/wp-json\/wp\/v2\/pages\/9619\/revisions\/11619"}],"wp:attachment":[{"href":"https:\/\/t-neph.cms2hset.org\/JPG\/wp-json\/wp\/v2\/media?parent=9619"}],"curies":[{"name":"wp","href":"https:\/\/api.w.org\/{rel}","templated":true}]}}